{"id":452,"date":"2023-08-26T15:17:09","date_gmt":"2023-08-26T15:17:09","guid":{"rendered":"https:\/\/cosdelletra.com\/?page_id=452"},"modified":"2024-03-11T19:53:30","modified_gmt":"2024-03-11T19:53:30","slug":"ruth-vilar","status":"publish","type":"page","link":"https:\/\/cosdelletra.com\/index.php\/ruth-vilar\/","title":{"rendered":"RUTH VILAR"},"content":{"rendered":"\n<div class=\"wp-block-media-text is-stacked-on-mobile\" style=\"grid-template-columns:41% auto\"><figure class=\"wp-block-media-text__media\"><img loading=\"lazy\" decoding=\"async\" width=\"1024\" height=\"1024\" src=\"https:\/\/cosdelletra.com\/wp-content\/uploads\/2024\/03\/Ruth-Vilar_Autora-Explora-tu-creatividad_quadrat-1024x1024.png\" alt=\"\" class=\"wp-image-521 size-full\" srcset=\"https:\/\/cosdelletra.com\/wp-content\/uploads\/2024\/03\/Ruth-Vilar_Autora-Explora-tu-creatividad_quadrat-1024x1024.png 1024w, https:\/\/cosdelletra.com\/wp-content\/uploads\/2024\/03\/Ruth-Vilar_Autora-Explora-tu-creatividad_quadrat-300x300.png 300w, https:\/\/cosdelletra.com\/wp-content\/uploads\/2024\/03\/Ruth-Vilar_Autora-Explora-tu-creatividad_quadrat-150x150.png 150w, https:\/\/cosdelletra.com\/wp-content\/uploads\/2024\/03\/Ruth-Vilar_Autora-Explora-tu-creatividad_quadrat-768x768.png 768w, https:\/\/cosdelletra.com\/wp-content\/uploads\/2024\/03\/Ruth-Vilar_Autora-Explora-tu-creatividad_quadrat-1536x1536.png 1536w, https:\/\/cosdelletra.com\/wp-content\/uploads\/2024\/03\/Ruth-Vilar_Autora-Explora-tu-creatividad_quadrat.png 1920w\" sizes=\"auto, (max-width: 1024px) 100vw, 1024px\" \/><\/figure><div class=\"wp-block-media-text__content\">\n<p style=\"font-size:clamp(0.984rem, 0.984rem + ((1vw - 0.2rem) * 0.86), 1.5rem);\"><strong>Ruth Vilar<\/strong>\u00a0\u00e9s escriptora, directora teatral i membre de la companyia\u00a0<strong>Cos de Lletra<\/strong>. Tamb\u00e9 \u00e9s cofundadora d&#8217;<strong><a href=\"http:\/\/www.oidaeditorial.com\" target=\"_blank\" rel=\"noreferrer noopener\">Oid\u00e0 Editorial<\/a><\/strong>, pionera en audiollibre teatral.<\/p>\n\n\n\n<ul class=\"wp-block-social-links is-layout-flex wp-block-social-links-is-layout-flex\"><li class=\"wp-social-link wp-social-link-linkedin  wp-block-social-link\"><a href=\"https:\/\/www.linkedin.com\/in\/ruth-vilar-56a4b42a\" class=\"wp-block-social-link-anchor\"><svg width=\"24\" height=\"24\" viewBox=\"0 0 24 24\" version=\"1.1\" xmlns=\"http:\/\/www.w3.org\/2000\/svg\" aria-hidden=\"true\" focusable=\"false\"><path d=\"M19.7,3H4.3C3.582,3,3,3.582,3,4.3v15.4C3,20.418,3.582,21,4.3,21h15.4c0.718,0,1.3-0.582,1.3-1.3V4.3 C21,3.582,20.418,3,19.7,3z M8.339,18.338H5.667v-8.59h2.672V18.338z M7.004,8.574c-0.857,0-1.549-0.694-1.549-1.548 c0-0.855,0.691-1.548,1.549-1.548c0.854,0,1.547,0.694,1.547,1.548C8.551,7.881,7.858,8.574,7.004,8.574z M18.339,18.338h-2.669 v-4.177c0-0.996-0.017-2.278-1.387-2.278c-1.389,0-1.601,1.086-1.601,2.206v4.249h-2.667v-8.59h2.559v1.174h0.037 c0.356-0.675,1.227-1.387,2.526-1.387c2.703,0,3.203,1.779,3.203,4.092V18.338z\"><\/path><\/svg><span class=\"wp-block-social-link-label screen-reader-text\">LinkedIn<\/span><\/a><\/li>\n\n<li class=\"wp-social-link wp-social-link-instagram  wp-block-social-link\"><a href=\"https:\/\/www.instagram.com\/pepa_pertejo\" class=\"wp-block-social-link-anchor\"><svg width=\"24\" height=\"24\" viewBox=\"0 0 24 24\" version=\"1.1\" xmlns=\"http:\/\/www.w3.org\/2000\/svg\" aria-hidden=\"true\" focusable=\"false\"><path d=\"M12,4.622c2.403,0,2.688,0.009,3.637,0.052c0.877,0.04,1.354,0.187,1.671,0.31c0.42,0.163,0.72,0.358,1.035,0.673 c0.315,0.315,0.51,0.615,0.673,1.035c0.123,0.317,0.27,0.794,0.31,1.671c0.043,0.949,0.052,1.234,0.052,3.637 s-0.009,2.688-0.052,3.637c-0.04,0.877-0.187,1.354-0.31,1.671c-0.163,0.42-0.358,0.72-0.673,1.035 c-0.315,0.315-0.615,0.51-1.035,0.673c-0.317,0.123-0.794,0.27-1.671,0.31c-0.949,0.043-1.233,0.052-3.637,0.052 s-2.688-0.009-3.637-0.052c-0.877-0.04-1.354-0.187-1.671-0.31c-0.42-0.163-0.72-0.358-1.035-0.673 c-0.315-0.315-0.51-0.615-0.673-1.035c-0.123-0.317-0.27-0.794-0.31-1.671C4.631,14.688,4.622,14.403,4.622,12 s0.009-2.688,0.052-3.637c0.04-0.877,0.187-1.354,0.31-1.671c0.163-0.42,0.358-0.72,0.673-1.035 c0.315-0.315,0.615-0.51,1.035-0.673c0.317-0.123,0.794-0.27,1.671-0.31C9.312,4.631,9.597,4.622,12,4.622 M12,3 C9.556,3,9.249,3.01,8.289,3.054C7.331,3.098,6.677,3.25,6.105,3.472C5.513,3.702,5.011,4.01,4.511,4.511 c-0.5,0.5-0.808,1.002-1.038,1.594C3.25,6.677,3.098,7.331,3.054,8.289C3.01,9.249,3,9.556,3,12c0,2.444,0.01,2.751,0.054,3.711 c0.044,0.958,0.196,1.612,0.418,2.185c0.23,0.592,0.538,1.094,1.038,1.594c0.5,0.5,1.002,0.808,1.594,1.038 c0.572,0.222,1.227,0.375,2.185,0.418C9.249,20.99,9.556,21,12,21s2.751-0.01,3.711-0.054c0.958-0.044,1.612-0.196,2.185-0.418 c0.592-0.23,1.094-0.538,1.594-1.038c0.5-0.5,0.808-1.002,1.038-1.594c0.222-0.572,0.375-1.227,0.418-2.185 C20.99,14.751,21,14.444,21,12s-0.01-2.751-0.054-3.711c-0.044-0.958-0.196-1.612-0.418-2.185c-0.23-0.592-0.538-1.094-1.038-1.594 c-0.5-0.5-1.002-0.808-1.594-1.038c-0.572-0.222-1.227-0.375-2.185-0.418C14.751,3.01,14.444,3,12,3L12,3z M12,7.378 c-2.552,0-4.622,2.069-4.622,4.622S9.448,16.622,12,16.622s4.622-2.069,4.622-4.622S14.552,7.378,12,7.378z M12,15 c-1.657,0-3-1.343-3-3s1.343-3,3-3s3,1.343,3,3S13.657,15,12,15z M16.804,6.116c-0.596,0-1.08,0.484-1.08,1.08 s0.484,1.08,1.08,1.08c0.596,0,1.08-0.484,1.08-1.08S17.401,6.116,16.804,6.116z\"><\/path><\/svg><span class=\"wp-block-social-link-label screen-reader-text\">Instagram<\/span><\/a><\/li>\n\n<li class=\"wp-social-link wp-social-link-facebook  wp-block-social-link\"><a href=\"https:\/\/www.facebook.com\/pepa.pertejo\" class=\"wp-block-social-link-anchor\"><svg width=\"24\" height=\"24\" viewBox=\"0 0 24 24\" version=\"1.1\" xmlns=\"http:\/\/www.w3.org\/2000\/svg\" aria-hidden=\"true\" focusable=\"false\"><path d=\"M12 2C6.5 2 2 6.5 2 12c0 5 3.7 9.1 8.4 9.9v-7H7.9V12h2.5V9.8c0-2.5 1.5-3.9 3.8-3.9 1.1 0 2.2.2 2.2.2v2.5h-1.3c-1.2 0-1.6.8-1.6 1.6V12h2.8l-.4 2.9h-2.3v7C18.3 21.1 22 17 22 12c0-5.5-4.5-10-10-10z\"><\/path><\/svg><span class=\"wp-block-social-link-label screen-reader-text\">Facebook<\/span><\/a><\/li>\n\n<li class=\"wp-social-link wp-social-link-twitter  wp-block-social-link\"><a href=\"https:\/\/www.twitter.com\/pepapertejo\" class=\"wp-block-social-link-anchor\"><svg width=\"24\" height=\"24\" viewBox=\"0 0 24 24\" version=\"1.1\" xmlns=\"http:\/\/www.w3.org\/2000\/svg\" aria-hidden=\"true\" focusable=\"false\"><path d=\"M22.23,5.924c-0.736,0.326-1.527,0.547-2.357,0.646c0.847-0.508,1.498-1.312,1.804-2.27 c-0.793,0.47-1.671,0.812-2.606,0.996C18.324,4.498,17.257,4,16.077,4c-2.266,0-4.103,1.837-4.103,4.103 c0,0.322,0.036,0.635,0.106,0.935C8.67,8.867,5.647,7.234,3.623,4.751C3.27,5.357,3.067,6.062,3.067,6.814 c0,1.424,0.724,2.679,1.825,3.415c-0.673-0.021-1.305-0.206-1.859-0.513c0,0.017,0,0.034,0,0.052c0,1.988,1.414,3.647,3.292,4.023 c-0.344,0.094-0.707,0.144-1.081,0.144c-0.264,0-0.521-0.026-0.772-0.074c0.522,1.63,2.038,2.816,3.833,2.85 c-1.404,1.1-3.174,1.756-5.096,1.756c-0.331,0-0.658-0.019-0.979-0.057c1.816,1.164,3.973,1.843,6.29,1.843 c7.547,0,11.675-6.252,11.675-11.675c0-0.178-0.004-0.355-0.012-0.531C20.985,7.47,21.68,6.747,22.23,5.924z\"><\/path><\/svg><span class=\"wp-block-social-link-label screen-reader-text\">Twitter<\/span><\/a><\/li>\n\n<li class=\"wp-social-link wp-social-link-mail  wp-block-social-link\"><a href=\"mailto:&#118;i&#108;&#097;&#114;.&#114;&#117;&#116;&#104;&#064;&#103;&#109;a&#105;l&#046;com\" class=\"wp-block-social-link-anchor\"><svg width=\"24\" height=\"24\" viewBox=\"0 0 24 24\" version=\"1.1\" xmlns=\"http:\/\/www.w3.org\/2000\/svg\" aria-hidden=\"true\" focusable=\"false\"><path d=\"M19,5H5c-1.1,0-2,.9-2,2v10c0,1.1.9,2,2,2h14c1.1,0,2-.9,2-2V7c0-1.1-.9-2-2-2zm.5,12c0,.3-.2.5-.5.5H5c-.3,0-.5-.2-.5-.5V9.8l7.5,5.6,7.5-5.6V17zm0-9.1L12,13.6,4.5,7.9V7c0-.3.2-.5.5-.5h14c.3,0,.5.2.5.5v.9z\"><\/path><\/svg><span class=\"wp-block-social-link-label screen-reader-text\">Correo electr\u00f3nico<\/span><\/a><\/li><\/ul>\n<\/div><\/div>\n\n\n\n<p style=\"font-size:clamp(0.984rem, 0.984rem + ((1vw - 0.2rem) * 0.86), 1.5rem);\">Es va llicenciar a l\u2019Institut del Teatre de Barcelona i va cursar un m\u00e0ster de Creaci\u00f3 Liter\u00e0ria a la UPF. \u00c9s membre d&#8217;ASSITEJ, l&#8217;AAT i ACE.<\/p>\n\n\n\n<p style=\"font-size:clamp(0.984rem, 0.984rem + ((1vw - 0.2rem) * 0.86), 1.5rem);\">Ha estrenat els seus textos&nbsp;<em><strong>Cerca del mar<\/strong><\/em>&nbsp;(Dau al Sec, 2022),&nbsp;<strong><em>Las \u00e1vidas ra\u00edces&nbsp;<\/em><\/strong>(Sala Sandaru, 2017 \/ Ediciones Invasoras, 2017),<strong><em>&nbsp;La puerta blindada<\/em><\/strong>&nbsp;(Teatro Lagrada, 2016 \/ XIX Premio Internacional de Teatro de Autor Domingo P\u00e9rez Minik de la Universidad de La Laguna \/ Ediciones Invasoras, 2020) i&nbsp;<em><strong>Muescas m\u00e1s hondas&nbsp;<\/strong><\/em>(Teatre Akad\u00e8mia, 2016). <\/p>\n\n\n\n<h5 class=\"wp-block-heading has-text-align-center\"><a href=\"https:\/\/cosdelletra.com\/index.php\/obra-de-ruth-vilar\/\">[Vegeu aqu\u00ed la llista completa d&#8217;obres publicades.]<\/a><\/h5>\n\n\n\n<p style=\"font-size:clamp(0.984rem, 0.984rem + ((1vw - 0.2rem) * 0.86), 1.5rem);\">Ha escrit les obres de teatre&nbsp;<em><strong>D\u00edas son aviones<\/strong>&nbsp;<\/em>(dins de&nbsp;<em>De los d\u00edas sin abrazos<\/em>, Ediciones Invasoras, 2020), <em><strong>Esa manzana amarga<\/strong><\/em>&nbsp;(lectura dramatitzada al Teatro de la Estaci\u00f3n, 2017, i al Nuevo Teatro Fronterizo, 2016),&nbsp;<em><strong>Objetos punzantes<\/strong><\/em> (Ediciones Invasoras, 2017 \/ lectura a La Infinito, 2016), <strong><em>Kiruna<\/em><\/strong>&nbsp;(dins de&nbsp;<em>Planeta Vulnerable<\/em>, Ediciones Invasoras, 2019 \/ lectura del Nuevo Teatro Fronterizo a la Sala Mirador, 2017),&nbsp;<em><strong>Cinc vares de terra&nbsp;<\/strong><\/em>(RE&amp;MA 12, 2017 \/ lectura al Teatre Romea, 2015),&nbsp;<em><strong>Les l\u00ednies imagin\u00e0ries&nbsp;<\/strong><\/em>(Editorial Cal Siller, 2018 \/ X Premi de Teatre de Calldetenes),&nbsp;<strong><em>La tr\u00e0gica mort de la barbuda<\/em><\/strong>&nbsp;(RE&amp;MA 12, 2013 \/ lectura a Primavera Vaca, 2013),&nbsp;<strong><em>L\u2019espeda\u00e7ament<\/em>&nbsp;<\/strong>(RE&amp;MA 12, 2011 \/ lectura a l\u2019Obrador de la Sala Beckett, 2011), i nombroses peces dram\u00e0tiques breus (<em>Quimera<\/em>, 2010; Cos de Lletra, 2006-2019), com ara&nbsp;<strong><em>Teatro sobre plano<\/em><\/strong>&nbsp;(dins de&nbsp;<em>Carrusel de Ogritos<\/em>, AAT, 2017),&nbsp;<strong><em>Prohibido leer teatro<\/em><\/strong>&nbsp;(<em>Quimera<\/em>, 2015) o&nbsp;<strong><em>Edicto<\/em><\/strong>&nbsp;(dins d\u2019<em>Un minuto de justicia<\/em>, Ediciones Invasoras, 2019).&nbsp;<em><strong>A cuerpo<\/strong><\/em>(novel\u00b7la dram\u00e0tica) i<em>&nbsp;<strong>Potrero<\/strong>&nbsp;<\/em>romanen in\u00e8dites.<\/p>\n\n\n\n<p style=\"font-size:clamp(0.984rem, 0.984rem + ((1vw - 0.2rem) * 0.86), 1.5rem);\">\u00c9s coautora de&nbsp;<strong><em>Joan Castells: El valor hum\u00e0 del teatre<\/em><\/strong>&nbsp;(Institut del Teatre, 2020),&nbsp;autora del pr\u00f2leg al&nbsp;<strong><em>Teatro Unido<\/em>&nbsp;de Jos\u00e9 Sanchis Sinisterra<\/strong>&nbsp;(La U\u00f1a Rota, 2018) i traductora de l\u2019obra&nbsp;<strong><em>Temps real<\/em>&nbsp;d\u2019Albert Mestres<\/strong>&nbsp;(<em>Antolog\u00eda de Dramaturgia Catalana Contempor\u00e1nea<\/em>,&nbsp;Paso de Gato, 2018).<\/p>\n\n\n\n<p style=\"font-size:clamp(0.984rem, 0.984rem + ((1vw - 0.2rem) * 0.86), 1.5rem);\">A m\u00e9s, firma la dramat\u00fargia i la direcci\u00f3 de&nbsp;<strong>\u201cDiari d\u2019un mestre adolescent<\/strong>\u201d de Joan Triad\u00fa (En Gira \u2013 Any Triad\u00fa \u2013 2021);&nbsp;\u201c<strong>La cua del Parad\u00eds<\/strong>\u201d de Pere Calders (Teatre de Ponent, 2013); \u201c<strong>Los ni\u00f1os tontos<\/strong>\u201d d\u2019Ana Mar\u00eda Matute (C\u00edrcol Mald\u00e0, 2012), espectacle amb qu\u00e8 fou escollida finalista al Certamen de Directoras de Escena de Torrej\u00f3n de Ardoz 2014; \u201c<strong>Ma\u00f1ana, ma\u00f1ana. El Teatro Inconcluso de Federico Garc\u00eda Lorca<\/strong>\u201d (C\u00edrcol Mald\u00e0, 2011; Festival Barribrossa, 2010).<\/p>\n\n\n\n<p style=\"font-size:clamp(0.984rem, 0.984rem + ((1vw - 0.2rem) * 0.86), 1.5rem);\">Col\u00b7labora amb les revistes&nbsp;<em>Primer Acto<\/em>,&nbsp;<em>Las puertas del drama<\/em>,&nbsp;<em>Articles, Quimera<\/em>,&nbsp;<em>ADE Teatro<\/em>&nbsp;i&nbsp;<em>(Pausa.),&nbsp;<\/em>i a la mateixa web de&nbsp;<a rel=\"noreferrer noopener\" href=\"https:\/\/cosdelletra.com\/index.php\/2013\/06\/01\/escrits-teatrals\/\" target=\"_blank\">Cos de Lletra<\/a>, amb articles, ressenyes, entrevistes sobre teatre i textos dram\u00e0tics originals.<\/p>\n\n\n\n<p style=\"font-size:clamp(0.984rem, 0.984rem + ((1vw - 0.2rem) * 0.86), 1.5rem);\">Publica habitualment a \u201c<a rel=\"noreferrer noopener\" href=\"http:\/\/www.prospeccionespertejo.blogspot.com\/\" target=\"_blank\"><strong>Las u\u00f1as negras<\/strong><\/a>\u201d amb el pseud\u00f2nim de&nbsp;<strong>Pepa Pertejo.<\/strong><\/p>\n","protected":false},"excerpt":{"rendered":"<p>Es va llicenciar a l\u2019Institut del Teatre de Barcelona i va cursar un m\u00e0ster de Creaci\u00f3 Liter\u00e0ria a la UPF. \u00c9s membre d&#8217;ASSITEJ, l&#8217;AAT i ACE. Ha estrenat els seus textos&nbsp;Cerca del mar&nbsp;(Dau al Sec, 2022),&nbsp;Las \u00e1vidas ra\u00edces&nbsp;(Sala Sandaru, 2017 \/ Ediciones Invasoras, 2017),&nbsp;La puerta blindada&nbsp;(Teatro Lagrada, 2016 \/ XIX Premio Internacional de Teatro de [&hellip;]<\/p>\n","protected":false},"author":1,"featured_media":0,"parent":0,"menu_order":0,"comment_status":"closed","ping_status":"closed","template":"","meta":{"footnotes":""},"class_list":["post-452","page","type-page","status-publish","hentry"],"_links":{"self":[{"href":"https:\/\/cosdelletra.com\/index.php\/wp-json\/wp\/v2\/pages\/452","targetHints":{"allow":["GET"]}}],"collection":[{"href":"https:\/\/cosdelletra.com\/index.php\/wp-json\/wp\/v2\/pages"}],"about":[{"href":"https:\/\/cosdelletra.com\/index.php\/wp-json\/wp\/v2\/types\/page"}],"author":[{"embeddable":true,"href":"https:\/\/cosdelletra.com\/index.php\/wp-json\/wp\/v2\/users\/1"}],"replies":[{"embeddable":true,"href":"https:\/\/cosdelletra.com\/index.php\/wp-json\/wp\/v2\/comments?post=452"}],"version-history":[{"count":8,"href":"https:\/\/cosdelletra.com\/index.php\/wp-json\/wp\/v2\/pages\/452\/revisions"}],"predecessor-version":[{"id":525,"href":"https:\/\/cosdelletra.com\/index.php\/wp-json\/wp\/v2\/pages\/452\/revisions\/525"}],"wp:attachment":[{"href":"https:\/\/cosdelletra.com\/index.php\/wp-json\/wp\/v2\/media?parent=452"}],"curies":[{"name":"wp","href":"https:\/\/api.w.org\/{rel}","templated":true}]}}