{"id":450,"date":"2023-08-26T14:52:52","date_gmt":"2023-08-26T14:52:52","guid":{"rendered":"https:\/\/cosdelletra.com\/?page_id=450"},"modified":"2024-07-17T11:08:58","modified_gmt":"2024-07-17T11:08:58","slug":"obra-de-ruth-vilar","status":"publish","type":"page","link":"https:\/\/cosdelletra.com\/index.php\/obra-de-ruth-vilar\/","title":{"rendered":"OBRA DE RUTH VILAR"},"content":{"rendered":"\n<p><strong>Obra original en castell\u00e0<\/strong><\/p>\n\n\n\n<ul class=\"wp-block-list\">\n<li style=\"font-size:clamp(0.984rem, 0.984rem + ((1vw - 0.2rem) * 0.86), 1.5rem);\"><a href=\"http:\/\/oidaeditorial.com\/index.php\/publicaciones\/cerca-del-mar-de-ruth-vilar-audiolibro\/\"><em>Cerca del mar<\/em>, Primer Acto, 2022 \/ Oid\u00e0 Editorial, 2023<\/a>.<\/li>\n\n\n\n<li style=\"font-size:clamp(0.984rem, 0.984rem + ((1vw - 0.2rem) * 0.86), 1.5rem);\"><em>Alegr\u00eda<\/em>, en <em>Alegr\u00eda<\/em>, Ediciones Invasoras, 2023.<\/li>\n\n\n\n<li style=\"font-size:clamp(0.984rem, 0.984rem + ((1vw - 0.2rem) * 0.86), 1.5rem);\"><em>Muros de aire<\/em>, en <em>Las fronteras son quimeras<\/em>, Ediciones Invasoras, 2022.<\/li>\n\n\n\n<li style=\"font-size:clamp(0.984rem, 0.984rem + ((1vw - 0.2rem) * 0.86), 1.5rem);\"><em>Una certera espada<\/em>, en <em>El veneno en el aire<\/em>, Ediciones Invasoras, 2021.<\/li>\n\n\n\n<li style=\"font-size:clamp(0.984rem, 0.984rem + ((1vw - 0.2rem) * 0.86), 1.5rem);\"><em>La puerta blindada<\/em>, Ediciones Invasoras, 2020.<\/li>\n\n\n\n<li style=\"font-size:clamp(0.984rem, 0.984rem + ((1vw - 0.2rem) * 0.86), 1.5rem);\"><em>Tu despensa rebosa<\/em>, dins d&#8217;<em>\u00c1brete, cielo<\/em>, Ediciones Invasoras, 2020.<\/li>\n\n\n\n<li style=\"font-size:clamp(0.984rem, 0.984rem + ((1vw - 0.2rem) * 0.86), 1.5rem);\"><em>No es una opci\u00f3n<\/em>, dins de&nbsp;<em>Sen(o)fobia<\/em>, Ediciones Invasoras, 2020.<\/li>\n\n\n\n<li style=\"font-size:clamp(0.984rem, 0.984rem + ((1vw - 0.2rem) * 0.86), 1.5rem);\"><em>D\u00edas son aviones<\/em>, dins&nbsp;<em>De los d\u00edas sin abrazos<\/em>, Ediciones Invasoras, 2020.<\/li>\n\n\n\n<li style=\"font-size:clamp(0.984rem, 0.984rem + ((1vw - 0.2rem) * 0.86), 1.5rem);\"><em>Kiruna<\/em>, dins de&nbsp;<em>Planeta Vulnerable<\/em>, Ediciones Invasoras, 2019.<\/li>\n\n\n\n<li style=\"font-size:clamp(0.984rem, 0.984rem + ((1vw - 0.2rem) * 0.86), 1.5rem);\"><em>Edicto<\/em>, dins d&#8217;<em>Un minuto de justicia<\/em>, Ediciones Invasoras, 2019.<\/li>\n\n\n\n<li style=\"font-size:clamp(0.984rem, 0.984rem + ((1vw - 0.2rem) * 0.86), 1.5rem);\"><em>Las \u00e1vidas ra\u00edces<\/em>, Ediciones Invasoras, 2017.<\/li>\n\n\n\n<li style=\"font-size:clamp(0.984rem, 0.984rem + ((1vw - 0.2rem) * 0.86), 1.5rem);\"><em>Objetos punzantes<\/em>, Ediciones Invasoras, 2017.<\/li>\n<\/ul>\n\n\n\n<p><strong>Obra original en catal\u00e0<\/strong><\/p>\n\n\n\n<ul class=\"wp-block-list\">\n<li style=\"font-size:clamp(0.984rem, 0.984rem + ((1vw - 0.2rem) * 0.86), 1.5rem);\"><em>Les l\u00ednies imagin\u00e0ries<\/em>, Editorial Cal Siller, 2018.<\/li>\n\n\n\n<li style=\"font-size:clamp(0.984rem, 0.984rem + ((1vw - 0.2rem) * 0.86), 1.5rem);\"><em>Cinc vares de terra<\/em>, RE&amp;MA 12, 2017.<\/li>\n\n\n\n<li style=\"font-size:clamp(0.984rem, 0.984rem + ((1vw - 0.2rem) * 0.86), 1.5rem);\"><em>La tr\u00e0gica mort de la barbuda<\/em>, RE&amp;MA 12, 2013.<\/li>\n\n\n\n<li style=\"font-size:clamp(0.984rem, 0.984rem + ((1vw - 0.2rem) * 0.86), 1.5rem);\"><em>L&#8217;espeda\u00e7ament<\/em>, RE&amp;MA 12, 2011.<\/li>\n<\/ul>\n\n\n\n<p><strong>Obra infantil i juvenil<\/strong><\/p>\n\n\n\n<ul class=\"wp-block-list\">\n<li style=\"font-size:clamp(0.984rem, 0.984rem + ((1vw - 0.2rem) * 0.86), 1.5rem);\"><a href=\"https:\/\/oidaeditorial.com\/index.php\/publicaciones\/7-parells-de-peus-de-ruth-vilar-audiollibre\/\"><em>7 parells de peus,<\/em>&nbsp;Oid\u00e0 Editorial, 2023.<\/a><\/li>\n\n\n\n<li style=\"font-size:clamp(0.984rem, 0.984rem + ((1vw - 0.2rem) * 0.86), 1.5rem);\"><em>Teatro sobre plano<\/em>, dins de&nbsp;<em>Carrusel de Ogritos<\/em>, AAT, 2017.<\/li>\n\n\n\n<li style=\"font-size:clamp(0.984rem, 0.984rem + ((1vw - 0.2rem) * 0.86), 1.5rem);\"><em>La pedra a trossos<\/em>, dins de&nbsp;<em>Teatre de Secund\u00e0ria<\/em>, RE&amp;MA12, 2016.<\/li>\n\n\n\n<li style=\"font-size:clamp(0.984rem, 0.984rem + ((1vw - 0.2rem) * 0.86), 1.5rem);\"><em>En Faiqu\u00e8<\/em>, \u00e1lbum ilustrado por Arnal Ballester. La Galera, 2009.<\/li>\n<\/ul>\n\n\n\n<p><strong>Assaig, divulgaci\u00f3 i traducci\u00f3<\/strong><\/p>\n\n\n\n<ul class=\"wp-block-list\">\n<li style=\"font-size:clamp(0.984rem, 0.984rem + ((1vw - 0.2rem) * 0.86), 1.5rem);\"><em><a href=\"https:\/\/www.rbalibros.com\/rba-no-ficcion\/explora-tu-creatividad_7464\">Explora tu creatividad<\/a><\/em>, RBA Libros, 2024.<\/li>\n\n\n\n<li style=\"font-size:clamp(0.984rem, 0.984rem + ((1vw - 0.2rem) * 0.86), 1.5rem);\">Joan Castells:\u00a0<em>El valor hum\u00e0 del teatre<\/em>, Converses, Institut del Teatre, 2020.<\/li>\n\n\n\n<li style=\"font-size:clamp(0.984rem, 0.984rem + ((1vw - 0.2rem) * 0.86), 1.5rem);\"><em>Tomemos la palabra<\/em>, confer\u00e8ncia per al seminari&nbsp;<em>De la creaci\u00f3n a la librer\u00eda<\/em>, Direcci\u00f3n General del Libro, 2020 \/ Cuadernos de dramaturgia contempor\u00e1nea, 2022.<\/li>\n\n\n\n<li style=\"font-size:clamp(0.984rem, 0.984rem + ((1vw - 0.2rem) * 0.86), 1.5rem);\"><em>La emoci\u00f3n del encuentro catastr\u00f3fico<\/em>, dins de&nbsp;<em>Poliedro: acerca de Juan Mayorga.<\/em>&nbsp;Emeterio Diez Puertas (ed.). Ediciones Ant\u00edgona y Publicaciones de la RESAD, 2019.<\/li>\n\n\n\n<li style=\"font-size:clamp(0.984rem, 0.984rem + ((1vw - 0.2rem) * 0.86), 1.5rem);\">Pr\u00f2leg al&nbsp;<em>Teatro Unido<\/em>&nbsp;de Jos\u00e9 Sanchis Sinisterra. La U\u00f1a Rota, 2018.<\/li>\n\n\n\n<li style=\"font-size:clamp(0.984rem, 0.984rem + ((1vw - 0.2rem) * 0.86), 1.5rem);\">Traducci\u00f3 al castell\u00e0 de&nbsp;<em>Temps real<\/em>&nbsp;de Albert Mestres, dins d&#8217;<em>Antolog\u00eda de Dramaturgia Catalana Contempor\u00e1nea<\/em>, M\u00e9xico D.F., Paso de Gato, 2018.<\/li>\n<\/ul>\n","protected":false},"excerpt":{"rendered":"<p>Obra original en castell\u00e0 Obra original en catal\u00e0 Obra infantil i juvenil Assaig, divulgaci\u00f3 i traducci\u00f3<\/p>\n","protected":false},"author":1,"featured_media":0,"parent":0,"menu_order":0,"comment_status":"closed","ping_status":"closed","template":"","meta":{"footnotes":""},"class_list":["post-450","page","type-page","status-publish","hentry"],"_links":{"self":[{"href":"https:\/\/cosdelletra.com\/index.php\/wp-json\/wp\/v2\/pages\/450","targetHints":{"allow":["GET"]}}],"collection":[{"href":"https:\/\/cosdelletra.com\/index.php\/wp-json\/wp\/v2\/pages"}],"about":[{"href":"https:\/\/cosdelletra.com\/index.php\/wp-json\/wp\/v2\/types\/page"}],"author":[{"embeddable":true,"href":"https:\/\/cosdelletra.com\/index.php\/wp-json\/wp\/v2\/users\/1"}],"replies":[{"embeddable":true,"href":"https:\/\/cosdelletra.com\/index.php\/wp-json\/wp\/v2\/comments?post=450"}],"version-history":[{"count":4,"href":"https:\/\/cosdelletra.com\/index.php\/wp-json\/wp\/v2\/pages\/450\/revisions"}],"predecessor-version":[{"id":589,"href":"https:\/\/cosdelletra.com\/index.php\/wp-json\/wp\/v2\/pages\/450\/revisions\/589"}],"wp:attachment":[{"href":"https:\/\/cosdelletra.com\/index.php\/wp-json\/wp\/v2\/media?parent=450"}],"curies":[{"name":"wp","href":"https:\/\/api.w.org\/{rel}","templated":true}]}}